{"id":108,"date":"2020-12-03T20:44:42","date_gmt":"2020-12-03T20:44:42","guid":{"rendered":"http:\/\/trabzonyildiztaksi.com\/?page_id=108"},"modified":"2020-12-03T20:44:42","modified_gmt":"2020-12-03T20:44:42","slug":"hakkimizda","status":"publish","type":"page","link":"https:\/\/trabzonyildiztaksi.com\/?page_id=108","title":{"rendered":"Hakk\u0131m\u0131zda"},"content":{"rendered":"<p>Trabzon Y\u0131ld\u0131z Taksi 2020 y\u0131l\u0131nda kurulmu\u015ftur. Y\u0131ld\u0131z Taksi bu g\u00fcn 4 ara\u00e7 ve 6 tecr\u00fcbeli \u015fof\u00f6r\u00fcyle hizmet vermektedir.<\/p>\n<p>Personelimiz tek tip elbise giyinen, tan\u0131t\u0131m kart\u0131 takan, sab\u0131ka kayd\u0131 olmayan, SRC ve psikoteknik sertifikal\u0131, k\u00fclt\u00fcrl\u00fc ve se\u00e7ilmi\u015f ki\u015filerden olu\u015fmaktad\u0131r.<\/p>\n<p>Turizm ve ta\u015f\u0131mac\u0131l\u0131k hizmetleri sekt\u00f6r\u00fcnde faaliyet g\u00f6steren kurulu\u015fumuz, bu ta\u015f\u0131mac\u0131l\u0131k sekt\u00f6r\u00fcn\u00fcn gerekleri ve kurallar\u0131na uygun olarak d\u00fczenlenen hizmet i\u00e7i e\u011fitim seminerleriyle personelimizde bu bilincin s\u00fcrekli kalmas\u0131n\u0131 hedeflemi\u015ftir.<\/p>\n<p>Taraf\u0131m\u0131za intikal eden t\u00fcm \u015fikayetleri mutlaka de\u011ferlendiren yetkililerimiz, disiplini, nizam\u0131 ve intizam\u0131 sa\u011flamak amac\u0131yla azami \u00e7aba g\u00f6stermektedirler.<\/p>\n<p>Ara\u00e7lar\u0131m\u0131za Arvento ara\u00e7 takip sistemleri tak\u0131l\u0131 olup, ara\u00e7lar\u0131m\u0131z 24 saat takip edilmektedir.<\/p>\n<p>Ara\u00e7lar\u0131m\u0131z\u0131n muayeneleri, servis bak\u0131mlar\u0131, k\u0131\u015f ve yaz lasti\u011fi de\u011fi\u015fim takvimleri yetkililerimizce itina ile takip edilmektedir.<\/p>\n<p>Ara\u00e7lar\u0131m\u0131z kamu kurumlar\u0131 taraf\u0131ndan yetkilendirilmi\u015f firmalar taraf\u0131ndan periyodik olarak dezenfekte edilmektedir.<\/p>\n<p>Taksiler duraktan \u00e7\u0131k\u0131\u015f yapt\u0131klar\u0131nda de\u011fil; m\u00fc\u015fterilerimiz ara\u00e7lara bindiklerinde taksimetre a\u00e7\u0131lmaktad\u0131r.<\/p>\n","protected":false},"excerpt":{"rendered":"<p>Trabzon Y\u0131ld\u0131z Taksi 2020 y\u0131l\u0131nda kurulmu\u015ftur. Y\u0131ld\u0131z Taksi bu g\u00fcn 4 ara\u00e7 ve 6 tecr\u00fcbeli \u015fof\u00f6r\u00fcyle hizmet vermektedir. Personelimiz tek tip elbise giyinen, tan\u0131t\u0131m kart\u0131 takan, sab\u0131ka kayd\u0131 olmayan, SRC ve psikoteknik sertifikal\u0131, k\u00fclt\u00fcrl\u00fc ve se\u00e7ilmi\u015f ki\u015filerden olu\u015fmaktad\u0131r. Turizm ve ta\u015f\u0131mac\u0131l\u0131k hizmetleri sekt\u00f6r\u00fcnde faaliyet g\u00f6steren kurulu\u015fumuz, bu ta\u015f\u0131mac\u0131l\u0131k sekt\u00f6r\u00fcn\u00fcn gerekleri ve kurallar\u0131na uygun olarak d\u00fczenlenen [&hellip;]<\/p>\n","protected":false},"author":5,"featured_media":0,"parent":0,"menu_order":0,"comment_status":"closed","ping_status":"closed","template":"","meta":{"footnotes":""},"class_list":["post-108","page","type-page","status-publish","hentry","post"],"_links":{"self":[{"href":"https:\/\/trabzonyildiztaksi.com\/index.php?rest_route=\/wp\/v2\/pages\/108","targetHints":{"allow":["GET"]}}],"collection":[{"href":"https:\/\/trabzonyildiztaksi.com\/index.php?rest_route=\/wp\/v2\/pages"}],"about":[{"href":"https:\/\/trabzonyildiztaksi.com\/index.php?rest_route=\/wp\/v2\/types\/page"}],"author":[{"embeddable":true,"href":"https:\/\/trabzonyildiztaksi.com\/index.php?rest_route=\/wp\/v2\/users\/5"}],"replies":[{"embeddable":true,"href":"https:\/\/trabzonyildiztaksi.com\/index.php?rest_route=%2Fwp%2Fv2%2Fcomments&post=108"}],"version-history":[{"count":1,"href":"https:\/\/trabzonyildiztaksi.com\/index.php?rest_route=\/wp\/v2\/pages\/108\/revisions"}],"predecessor-version":[{"id":109,"href":"https:\/\/trabzonyildiztaksi.com\/index.php?rest_route=\/wp\/v2\/pages\/108\/revisions\/109"}],"wp:attachment":[{"href":"https:\/\/trabzonyildiztaksi.com\/index.php?rest_route=%2Fwp%2Fv2%2Fmedia&parent=108"}],"curies":[{"name":"wp","href":"https:\/\/api.w.org\/{rel}","templated":true}]}}