{"id":51,"date":"2020-11-19T18:52:04","date_gmt":"2020-11-19T18:52:04","guid":{"rendered":"http:\/\/trabzonyildiztaksi.com\/?page_id=51"},"modified":"2021-01-04T17:57:31","modified_gmt":"2021-01-04T17:57:31","slug":"iletisim","status":"publish","type":"page","link":"https:\/\/trabzonyildiztaksi.com\/?page_id=51","title":{"rendered":"\u0130leti\u015fim"},"content":{"rendered":"\n<iframe loading=\"lazy\" src=\"https:\/\/www.google.com\/maps\/embed?pb=!1m18!1m12!1m3!1d752.7127434453979!2d39.721972729229215!3d41.00663491074907!2m3!1f0!2f0!3f0!3m2!1i1024!2i768!4f13.1!3m3!1m2!1s0x40643c45bd7b765b%3A0x9862d19c71ae1eb6!2zVMO8cmtpeWUgxLDFnyBCYW5rYXPEsSBNdW1oYW5lL1RyYWJ6b24gxZ51YmVzaQ!5e0!3m2!1str!2str!4v1605820048667!5m2!1str!2str\" width=\"100%\" height=\"300\" frameborder=\"0\" style=\"border:0;\" allowfullscreen=\"\" aria-hidden=\"false\" tabindex=\"0\"><\/iframe>\n\n\n\n<div class=\"wp-block-group\"><div class=\"wp-block-group__inner-container is-layout-flow wp-block-group-is-layout-flow\">\n<div class=\"wp-block-group\"><div class=\"wp-block-group__inner-container is-layout-flow wp-block-group-is-layout-flow\">\n<div class=\"wp-block-group\"><div class=\"wp-block-group__inner-container is-layout-flow wp-block-group-is-layout-flow\">\n<p class=\"has-medium-font-size\"><strong>Telefon:<\/strong> <strong>+90 539 434 01 30<\/strong><\/p>\n\n\n\n<p><strong>E-Posta:<\/strong> trabzonyildiztaksi@gmail.com<\/p>\n\n\n\n<p><strong>Instagram:<\/strong> trabzonyildiztaksi<\/p>\n<\/div><\/div>\n\n\n\n<p><em>Yukar\u0131daki ileti\u015fim bilgilerini kullanarak ya da a\u015fa\u011f\u0131daki ileti\u015fim formunu doldurarak bizimle ileti\u015fime ge\u00e7ebilirsiniz. <\/em><\/p>\n<\/div><\/div>\n\n\n\n<h2 class=\"wp-block-heading\">\u0130leti\u015fim Formu<\/h2>\n<\/div><\/div>\n\n\n<div class=\"wpforms-container wpforms-container-full wpforms-block\" id=\"wpforms-50\"><form id=\"wpforms-form-50\" class=\"wpforms-validate wpforms-form\" data-formid=\"50\" method=\"post\" enctype=\"multipart\/form-data\" action=\"\/index.php?rest_route=%2Fwp%2Fv2%2Fpages%2F51\" data-token=\"eb07dc3495f03b38e80eaae0311a57a9\" data-token-time=\"1776372659\"><noscript class=\"wpforms-error-noscript\">Bu formu bitirebilmek i\u00e7in taray\u0131c\u0131n\u0131zda JavaScript&#039;i etkinle\u015ftirin.<\/noscript><div class=\"wpforms-field-container\"><div id=\"wpforms-50-field_0-container\" class=\"wpforms-field wpforms-field-name\" data-field-id=\"0\"><label class=\"wpforms-field-label\" for=\"wpforms-50-field_0\">Ad Soyad <span class=\"wpforms-required-label\">*<\/span><\/label><input type=\"text\" id=\"wpforms-50-field_0\" class=\"wpforms-field-medium wpforms-field-required\" name=\"wpforms[fields][0]\" required><\/div><div id=\"wpforms-50-field_1-container\" class=\"wpforms-field wpforms-field-email\" data-field-id=\"1\"><label class=\"wpforms-field-label\" for=\"wpforms-50-field_1\">E-Posta <span class=\"wpforms-required-label\">*<\/span><\/label><input type=\"email\" id=\"wpforms-50-field_1\" class=\"wpforms-field-medium wpforms-field-required\" name=\"wpforms[fields][1]\" spellcheck=\"false\" required><\/div><div id=\"wpforms-50-field_3-container\" class=\"wpforms-field wpforms-field-text\" data-field-id=\"3\"><label class=\"wpforms-field-label\" for=\"wpforms-50-field_3\">Telefon Numaras\u0131<\/label><input type=\"text\" id=\"wpforms-50-field_3\" class=\"wpforms-field-medium\" name=\"wpforms[fields][3]\" ><\/div><div id=\"wpforms-50-field_2-container\" class=\"wpforms-field wpforms-field-textarea\" data-field-id=\"2\"><label class=\"wpforms-field-label\" for=\"wpforms-50-field_2\">Mesaj\u0131n\u0131z <span class=\"wpforms-required-label\">*<\/span><\/label><textarea id=\"wpforms-50-field_2\" class=\"wpforms-field-medium wpforms-field-required\" name=\"wpforms[fields][2]\" required><\/textarea><\/div><\/div><!-- .wpforms-field-container --><div class=\"wpforms-submit-container\" ><input type=\"hidden\" name=\"wpforms[id]\" value=\"50\"><input type=\"hidden\" name=\"page_title\" value=\"\"><input type=\"hidden\" name=\"page_url\" value=\"https:\/\/trabzonyildiztaksi.com\/index.php?rest_route=\/wp\/v2\/pages\/51\"><input type=\"hidden\" name=\"url_referer\" value=\"\"><button type=\"submit\" name=\"wpforms[submit]\" id=\"wpforms-submit-50\" class=\"wpforms-submit\" data-alt-text=\"G\u00f6nderiliyor...\" data-submit-text=\"G\u00f6nder\" aria-live=\"assertive\" value=\"wpforms-submit\">G\u00f6nder<\/button><\/div><\/form><\/div>  <!-- .wpforms-container -->\n\n\n<p><\/p>\n","protected":false},"excerpt":{"rendered":"<p>Telefon: +90 539 434 01 30 E-Posta: trabzonyildiztaksi@gmail.com Instagram: trabzonyildiztaksi Yukar\u0131daki ileti\u015fim bilgilerini kullanarak ya da a\u015fa\u011f\u0131daki ileti\u015fim formunu doldurarak bizimle ileti\u015fime ge\u00e7ebilirsiniz. \u0130leti\u015fim Formu<\/p>\n","protected":false},"author":5,"featured_media":0,"parent":0,"menu_order":0,"comment_status":"closed","ping_status":"closed","template":"","meta":{"footnotes":""},"class_list":["post-51","page","type-page","status-publish","hentry","post"],"_links":{"self":[{"href":"https:\/\/trabzonyildiztaksi.com\/index.php?rest_route=\/wp\/v2\/pages\/51","targetHints":{"allow":["GET"]}}],"collection":[{"href":"https:\/\/trabzonyildiztaksi.com\/index.php?rest_route=\/wp\/v2\/pages"}],"about":[{"href":"https:\/\/trabzonyildiztaksi.com\/index.php?rest_route=\/wp\/v2\/types\/page"}],"author":[{"embeddable":true,"href":"https:\/\/trabzonyildiztaksi.com\/index.php?rest_route=\/wp\/v2\/users\/5"}],"replies":[{"embeddable":true,"href":"https:\/\/trabzonyildiztaksi.com\/index.php?rest_route=%2Fwp%2Fv2%2Fcomments&post=51"}],"version-history":[{"count":12,"href":"https:\/\/trabzonyildiztaksi.com\/index.php?rest_route=\/wp\/v2\/pages\/51\/revisions"}],"predecessor-version":[{"id":140,"href":"https:\/\/trabzonyildiztaksi.com\/index.php?rest_route=\/wp\/v2\/pages\/51\/revisions\/140"}],"wp:attachment":[{"href":"https:\/\/trabzonyildiztaksi.com\/index.php?rest_route=%2Fwp%2Fv2%2Fmedia&parent=51"}],"curies":[{"name":"wp","href":"https:\/\/api.w.org\/{rel}","templated":true}]}}