{"id":66,"date":"2020-11-20T14:43:59","date_gmt":"2020-11-20T14:43:59","guid":{"rendered":"http:\/\/trabzonyildiztaksi.com\/?page_id=66"},"modified":"2020-12-08T10:48:03","modified_gmt":"2020-12-08T10:48:03","slug":"ana-sayfa","status":"publish","type":"page","link":"https:\/\/trabzonyildiztaksi.com\/","title":{"rendered":"Ana Sayfa"},"content":{"rendered":"<div id=\"pl-66\"  class=\"panel-layout\" ><div id=\"pg-66-0\"  class=\"panel-grid panel-no-style\" ><div id=\"pgc-66-0-0\"  class=\"panel-grid-cell\" ><div id=\"panel-66-0-0-0\" class=\"so-panel widget widget_headline-widget panel-first-child\" data-index=\"0\" >\t\t<h1>\u015e\u00f6f\u00f6rlerimiz<\/h1>\n\t\t<div class=\"decoration\"><div class=\"decoration-inside\"><\/div><\/div>\n\t\t<h3><\/h3>\n\t\t<\/div><div id=\"panel-66-0-0-1\" class=\"widget_text so-panel widget widget_custom_html panel-last-child\" data-index=\"1\" ><div class=\"textwidget custom-html-widget\"><div class='rt-container-fluid rt-team-container rt-pos-r rt-team-container-71' id='rt-team-container-3166725231'  data-layout='carousel1' data-desktop-col='4'  data-tab-col='2'  data-mobile-col='1' data-sc-id='71' data-popup-bg=''><div data-title='Loading ...' class='rt-row rt-content-loader carousel1 ttp-even ttp-pre-loader'><div class=\"rt-carousel-holder swiper rttm-carousel-slider rt-pos-s top-nav has-dots no-nav\" data-options=\"{&quot;slidesPerView&quot;:4,&quot;slidesPerGroup&quot;:1,&quot;spaceBetween&quot;:0,&quot;speed&quot;:250,&quot;loop&quot;:false,&quot;autoHeight&quot;:false,&quot;rtl&quot;:false,&quot;preloadImages&quot;:true,&quot;lazy&quot;:false,&quot;breakpoints&quot;:{&quot;0&quot;:{&quot;slidesPerView&quot;:1,&quot;pagination&quot;:{&quot;dynamicBullets&quot;:true}},&quot;767&quot;:{&quot;slidesPerView&quot;:2,&quot;pagination&quot;:{&quot;dynamicBullets&quot;:false}},&quot;991&quot;:{&quot;slidesPerView&quot;:4}},&quot;autoplay&quot;:{&quot;delay&quot;:5000,&quot;pauseOnMouseEnter&quot;:false,&quot;disableOnInteraction&quot;:false}}\"  dir=\"ltr\"><div class=\"swiper-wrapper\"><div class=\"layout3 rt-col-md-12 rt-col-sm-12 rt-col-xs-12   rt-grid-item swiper-slide\" data-id=\"103\"><div class=\"single-team-area\"><figure><img loading=\"lazy\" decoding=\"async\" width=\"150\" height=\"150\" src=\"https:\/\/trabzonyildiztaksi.com\/wp-content\/uploads\/2020\/12\/Ogun_Cakmak-1-150x150.jpg\" class=\"img-responsive rt-team-img\" alt=\"OG\u00dcN \u00c7AKMAK\" \/><\/figure><div class=\"tlp-overlay1\"><h3><span class=\"team-name\">OG\u00dcN \u00c7AKMAK<\/span><\/h3><\/div><\/div><\/div><div class=\"layout3 rt-col-md-12 rt-col-sm-12 rt-col-xs-12   rt-grid-item swiper-slide\" data-id=\"101\"><div class=\"single-team-area\"><figure><img loading=\"lazy\" decoding=\"async\" width=\"150\" height=\"150\" src=\"https:\/\/trabzonyildiztaksi.com\/wp-content\/uploads\/2020\/12\/Muharrem_Baykan-1-150x150.jpg\" class=\"img-responsive rt-team-img\" alt=\"MUHARREM BAYKAN\" \/><\/figure><div class=\"tlp-overlay1\"><h3><span class=\"team-name\">MUHARREM BAYKAN<\/span><\/h3><\/div><\/div><\/div><div class=\"layout3 rt-col-md-12 rt-col-sm-12 rt-col-xs-12   rt-grid-item swiper-slide\" data-id=\"99\"><div class=\"single-team-area\"><figure><img loading=\"lazy\" decoding=\"async\" width=\"150\" height=\"150\" src=\"https:\/\/trabzonyildiztaksi.com\/wp-content\/uploads\/2020\/12\/Mehmet_Turker-1-150x150.jpg\" class=\"img-responsive rt-team-img\" alt=\"MEHMET T\u00dcRKER\" \/><\/figure><div class=\"tlp-overlay1\"><h3><span class=\"team-name\">MEHMET T\u00dcRKER<\/span><\/h3><\/div><\/div><\/div><div class=\"layout3 rt-col-md-12 rt-col-sm-12 rt-col-xs-12   rt-grid-item swiper-slide\" data-id=\"68\"><div class=\"single-team-area\"><figure><img loading=\"lazy\" decoding=\"async\" width=\"150\" height=\"150\" src=\"https:\/\/trabzonyildiztaksi.com\/wp-content\/uploads\/2020\/11\/Alkan_Ozdemir-1-150x150.jpg\" class=\"img-responsive rt-team-img\" alt=\"ALKAN \u00d6ZDEM\u0130R\" \/><\/figure><div class=\"tlp-overlay1\"><h3><span class=\"team-name\">ALKAN \u00d6ZDEM\u0130R<\/span><\/h3><\/div><\/div><\/div><div class=\"layout3 rt-col-md-12 rt-col-sm-12 rt-col-xs-12   rt-grid-item swiper-slide\" data-id=\"63\"><div class=\"single-team-area\"><figure><img loading=\"lazy\" decoding=\"async\" width=\"150\" height=\"150\" src=\"https:\/\/trabzonyildiztaksi.com\/wp-content\/uploads\/2020\/11\/Erol_Erdogan-1-150x150.jpg\" class=\"img-responsive rt-team-img\" alt=\"EROL ERDO\u011eAN\" \/><\/figure><div class=\"tlp-overlay1\"><h3><span class=\"team-name\">EROL ERDO\u011eAN<\/span><\/h3><\/div><\/div><\/div><\/div><div class=\"swiper-pagination rt-pos-s\"><\/div><\/div><div class=\"rt-loading-overlay\"><\/div><div class=\"rt-loading rt-ball-clip-rotate\"><div><\/div><\/div><\/div><\/div><\/div><\/div><\/div><div id=\"pgc-66-0-1\"  class=\"panel-grid-cell\" ><div id=\"panel-66-0-1-0\" class=\"so-panel widget widget_headline-widget panel-first-child\" data-index=\"2\" >\t\t<h1>7\/24<\/h1>\n\t\t<div class=\"decoration\"><div class=\"decoration-inside\"><\/div><\/div>\n\t\t<h3><\/h3>\n\t\t<\/div><div id=\"panel-66-0-1-1\" class=\"so-panel widget widget_sow-image panel-last-child\" data-index=\"3\" ><div\n\t\t\t\n\t\t\tclass=\"so-widget-sow-image so-widget-sow-image-default-334eeca80698-66\"\n\t\t\t\n\t\t>\n<div class=\"sow-image-container\">\n\t\t<img \n\tsrc=\"https:\/\/trabzonyildiztaksi.com\/wp-content\/uploads\/2020\/12\/7_24_100-2.png\" width=\"125\" height=\"100\" sizes=\"(max-width: 125px) 100vw, 125px\" title=\"0539 434 01 30\" alt=\"\" \t\tclass=\"so-widget-image\"\/>\n\t<\/div>\n\n<h3 class=\"widget-title\">0539 434 01 30<\/h3><\/div><\/div><\/div><\/div><div id=\"pg-66-1\"  class=\"panel-grid panel-no-style\" ><div id=\"pgc-66-1-0\"  class=\"panel-grid-cell\" ><div id=\"panel-66-1-0-0\" class=\"so-panel widget widget_sow-editor panel-first-child panel-last-child\" data-index=\"4\" ><div\n\t\t\t\n\t\t\tclass=\"so-widget-sow-editor so-widget-sow-editor-base\"\n\t\t\t\n\t\t>\n<div class=\"siteorigin-widget-tinymce textwidget\">\n\t<h4 style=\"text-align: center;\">Firmam\u0131z, kalite anlay\u0131\u015f\u0131n\u0131, hizmet sonras\u0131 g\u00fcvenilir destekle b\u00fct\u00fcnle\u015ftirerek, siz m\u00fc\u015fterilerimizin memnuniyetini \u00f6n plana \u00e7\u0131karmaktad\u0131r. Geli\u015fen d\u00fcnyam\u0131zda teknolojiyi s\u00fcrekli takip eden firmam\u0131z, her ge\u00e7en g\u00fcn kendini yenilemektedir. \u015eirketimiz, kurumsal alandaki ihtiya\u00e7lar\u0131n\u0131za g\u00f6re sizlere \u00f6zel \u00e7\u00f6z\u00fcmler \u00fcretmektedir.<\/h4>\n<\/div>\n<\/div><\/div><\/div><\/div><div id=\"pg-66-2\"  class=\"panel-grid panel-no-style\" ><div id=\"pgc-66-2-0\"  class=\"panel-grid-cell\" ><div id=\"panel-66-2-0-0\" class=\"so-panel widget widget_circleicon-widget panel-first-child panel-last-child\" data-index=\"5\" >\t\t<div class=\"circle-icon-box circle-icon-position-top circle-icon-hide-box circle-icon-size-medium \">\n\t\t\t\t\t\t\t<div class=\"circle-icon-wrapper\">\n\t\t\t\t\t\t\t\t\t\t<div class=\"circle-icon\" >\n\t\t\t\t\t\t\t\t\t\t\t\t\t<div\n\t\t\t\t\t\t\t\tclass=\"fa fa-building\"\n\t\t\t\t\t\t\t\t\t\t\t\t\t\t\t><\/div>\n\t\t\t\t\t\t\t\t\t\t\t<\/div>\n\t\t\t\t\t\t\t\t\t<\/div>\n\t\t\t\n\t\t\t\t\t\t\t\t\t\t<h4 >\n\t\t\t\t\tKurumsal\u0131z\t\t\t\t<\/h4>\n\t\t\t\t\t\t\n\t\t\t\t\t\t\t<p class=\"text\" >\n\t\t\t\tY\u0131ld\u0131z Taksi olarak y\u0131llard\u0131r m\u00fc\u015fterilerimize s\u00fcrekli ve kaliteli servis vermek i\u00e7in \u00e7al\u0131\u015f\u0131yoruz. \t\t\t<\/p>\n\t\t\t\t\t\t\t\t<\/div>\n\t\t<\/div><\/div><div id=\"pgc-66-2-1\"  class=\"panel-grid-cell\" ><div id=\"panel-66-2-1-0\" class=\"so-panel widget widget_circleicon-widget panel-first-child panel-last-child\" data-index=\"6\" >\t\t<div class=\"circle-icon-box circle-icon-position-top circle-icon-hide-box circle-icon-size-small \">\n\t\t\t\t\t\t\t<div class=\"circle-icon-wrapper\">\n\t\t\t\t\t\t\t\t\t\t<div class=\"circle-icon\" >\n\t\t\t\t\t\t\t\t\t\t\t\t\t<div\n\t\t\t\t\t\t\t\tclass=\"fa fa-lightbulb-o\"\n\t\t\t\t\t\t\t\t\t\t\t\t\t\t\t><\/div>\n\t\t\t\t\t\t\t\t\t\t\t<\/div>\n\t\t\t\t\t\t\t\t\t<\/div>\n\t\t\t\n\t\t\t\t\t\t\t\t\t\t<h4 >\n\t\t\t\t\tYarat\u0131c\u0131y\u0131z\t\t\t\t<\/h4>\n\t\t\t\t\t\t\n\t\t\t\t\t\t\t<p class=\"text\" >\n\t\t\t\tYapt\u0131\u011f\u0131m\u0131z i\u015flerde daima bir t\u0131k daha ileride olmaya \u00e7al\u0131\u015f\u0131yoruz.\t\t\t<\/p>\n\t\t\t\t\t\t\t\t<\/div>\n\t\t<\/div><\/div><div id=\"pgc-66-2-2\"  class=\"panel-grid-cell\" ><div id=\"panel-66-2-2-0\" class=\"so-panel widget widget_circleicon-widget panel-first-child panel-last-child\" data-index=\"7\" >\t\t<div class=\"circle-icon-box circle-icon-position-top circle-icon-hide-box circle-icon-size-small \">\n\t\t\t\t\t\t\t<div class=\"circle-icon-wrapper\">\n\t\t\t\t\t\t\t\t\t\t<div class=\"circle-icon\" >\n\t\t\t\t\t\t\t\t\t\t\t\t\t<div\n\t\t\t\t\t\t\t\tclass=\"fa fa-institution\"\n\t\t\t\t\t\t\t\t\t\t\t\t\t\t\t><\/div>\n\t\t\t\t\t\t\t\t\t\t\t<\/div>\n\t\t\t\t\t\t\t\t\t<\/div>\n\t\t\t\n\t\t\t\t\t\t\t\t\t\t<h4 >\n\t\t\t\t\tFarkl\u0131y\u0131z\t\t\t\t<\/h4>\n\t\t\t\t\t\t\n\t\t\t\t\t\t\t<p class=\"text\" >\n\t\t\t\tBizi di\u011ferlerinden ay\u0131ran en \u00f6nemli \u00f6zellik sistemli olarak \u00e7al\u0131\u015fmam\u0131z ve m\u00fc\u015fteri odakl\u0131 olmam\u0131zd\u0131r.\t\t\t<\/p>\n\t\t\t\t\t\t\t\t<\/div>\n\t\t<\/div><\/div><div id=\"pgc-66-2-3\"  class=\"panel-grid-cell\" ><div id=\"panel-66-2-3-0\" class=\"so-panel widget widget_circleicon-widget panel-first-child panel-last-child\" data-index=\"8\" >\t\t<div class=\"circle-icon-box circle-icon-position-top circle-icon-hide-box circle-icon-size-small \">\n\t\t\t\t\t\t\t<div class=\"circle-icon-wrapper\">\n\t\t\t\t\t\t\t\t\t\t<div class=\"circle-icon\" >\n\t\t\t\t\t\t\t\t\t\t\t\t\t<div\n\t\t\t\t\t\t\t\tclass=\"fa fa-bar-chart\"\n\t\t\t\t\t\t\t\t\t\t\t\t\t\t\t><\/div>\n\t\t\t\t\t\t\t\t\t\t\t<\/div>\n\t\t\t\t\t\t\t\t\t<\/div>\n\t\t\t\n\t\t\t\t\t\t\t\t\t\t<h4 >\n\t\t\t\t\tKaliteliyiz\t\t\t\t<\/h4>\n\t\t\t\t\t\t\n\t\t\t\t\t\t\t<p class=\"text\" >\n\t\t\t\tGerek \u015fof\u00f6rlerimiz, gerek arabalar\u0131m\u0131z bak\u0131ml\u0131 ve kalitelidir. \t\t\t<\/p>\n\t\t\t\t\t\t\t\t<\/div>\n\t\t<\/div><\/div><\/div><\/div>","protected":false},"excerpt":{"rendered":"","protected":false},"author":5,"featured_media":0,"parent":0,"menu_order":0,"comment_status":"closed","ping_status":"closed","template":"home-panels.php","meta":{"footnotes":""},"class_list":["post-66","page","type-page","status-publish","hentry","post","post-with-thumbnail","post-with-thumbnail-large"],"_links":{"self":[{"href":"https:\/\/trabzonyildiztaksi.com\/index.php?rest_route=\/wp\/v2\/pages\/66","targetHints":{"allow":["GET"]}}],"collection":[{"href":"https:\/\/trabzonyildiztaksi.com\/index.php?rest_route=\/wp\/v2\/pages"}],"about":[{"href":"https:\/\/trabzonyildiztaksi.com\/index.php?rest_route=\/wp\/v2\/types\/page"}],"author":[{"embeddable":true,"href":"https:\/\/trabzonyildiztaksi.com\/index.php?rest_route=\/wp\/v2\/users\/5"}],"replies":[{"embeddable":true,"href":"https:\/\/trabzonyildiztaksi.com\/index.php?rest_route=%2Fwp%2Fv2%2Fcomments&post=66"}],"version-history":[{"count":6,"href":"https:\/\/trabzonyildiztaksi.com\/index.php?rest_route=\/wp\/v2\/pages\/66\/revisions"}],"predecessor-version":[{"id":76,"href":"https:\/\/trabzonyildiztaksi.com\/index.php?rest_route=\/wp\/v2\/pages\/66\/revisions\/76"}],"wp:attachment":[{"href":"https:\/\/trabzonyildiztaksi.com\/index.php?rest_route=%2Fwp%2Fv2%2Fmedia&parent=66"}],"curies":[{"name":"wp","href":"https:\/\/api.w.org\/{rel}","templated":true}]}}